{"id":6082,"date":"2025-12-28T20:53:41","date_gmt":"2025-12-28T20:53:41","guid":{"rendered":"https:\/\/crapa.de\/raccolta-delle-olive\/"},"modified":"2026-01-23T11:09:47","modified_gmt":"2026-01-23T11:09:47","slug":"raccolta-delle-olive","status":"publish","type":"page","link":"https:\/\/crapa.de\/it\/raccolta-delle-olive\/","title":{"rendered":"Raccolta delle olive"},"content":{"rendered":"\t\t<div data-elementor-type=\"wp-page\" data-elementor-id=\"6082\" class=\"elementor elementor-6082 elementor-2961\" data-elementor-post-type=\"page\">\n\t\t\t\t<div class=\"elementor-element elementor-element-e7020ad e-con-full e-flex e-con e-parent\" data-id=\"e7020ad\" data-element_type=\"container\" data-e-type=\"container\">\n\t\t<div class=\"elementor-element elementor-element-7a33bb3 e-flex e-con-boxed e-con e-child\" data-id=\"7a33bb3\" data-element_type=\"container\" data-e-type=\"container\">\n\t\t\t\t\t<div class=\"e-con-inner\">\n\t\t\t\t<div class=\"elementor-element elementor-element-faceb0c elementor-widget elementor-widget-heading\" data-id=\"faceb0c\" data-element_type=\"widget\" data-e-type=\"widget\" data-widget_type=\"heading.default\">\n\t\t\t\t<div class=\"elementor-widget-container\">\n\t\t\t\t\t<h6 class=\"elementor-heading-title elementor-size-default\">Disposizione<\/h6>\t\t\t\t<\/div>\n\t\t\t\t<\/div>\n\t\t\t\t<div class=\"elementor-element elementor-element-9eeef03 elementor-widget elementor-widget-heading\" data-id=\"9eeef03\" data-element_type=\"widget\" data-e-type=\"widget\" data-widget_type=\"heading.default\">\n\t\t\t\t<div class=\"elementor-widget-container\">\n\t\t\t\t\t<h1 class=\"elementor-heading-title elementor-size-default\">Raccolta delle olive<\/h1>\t\t\t\t<\/div>\n\t\t\t\t<\/div>\n\t\t\t\t<div class=\"elementor-element elementor-element-9fc7a9f elementor-widget__width-initial elementor-widget-tablet__width-initial elementor-widget-laptop__width-initial elementor-widget elementor-widget-text-editor\" data-id=\"9fc7a9f\" data-element_type=\"widget\" data-e-type=\"widget\" data-widget_type=\"text-editor.default\">\n\t\t\t\t<div class=\"elementor-widget-container\">\n\t\t\t\t\t\t\t\t\tQuando l&#8217;autunno arriva lentamente nel Cilento, \u00e8 arrivato il momento: a ottobre stendiamo le reti e iniziamo la raccolta delle olive. Si tratta ancora di un lavoro manuale e piuttosto faticoso. Gli ulivi sono stati una coltura importante nella regione mediterranea per migliaia di anni. Raccogliere insieme e continuare cos\u00ec l&#8217;antica tradizione \u00e8 un&#8217;esperienza davvero speciale. Da qualche parte sotto il cielo, tra rami e reti, si crea un senso di comunit\u00e0 e di appartenenza che ti accompagner\u00e0 per molto tempo.    \n  Lo sforzo comune viene ricompensato alla fine con il pi\u00f9 delizioso olio d&#8217;oliva biologico, dove sai davvero da dove provengono le olive e come sono stati curati gli ulivi.  \n\t\t\t\t\t\t\t\t<\/div>\n\t\t\t\t<\/div>\n\t\t\t\t<div class=\"elementor-element elementor-element-6fb412d elementor-align-center elementor-widget elementor-widget-button\" data-id=\"6fb412d\" data-element_type=\"widget\" data-e-type=\"widget\" data-widget_type=\"button.default\">\n\t\t\t\t<div class=\"elementor-widget-container\">\n\t\t\t\t\t\t\t\t\t<div class=\"elementor-button-wrapper\">\n\t\t\t\t\t<a class=\"elementor-button elementor-button-link elementor-size-sm\" href=\"https:\/\/crapa.de\/it\/contattaci\/\">\n\t\t\t\t\t\t<span class=\"elementor-button-content-wrapper\">\n\t\t\t\t\t\t<span class=\"elementor-button-icon\">\n\t\t\t\t<svg xmlns=\"http:\/\/www.w3.org\/2000\/svg\" id=\"Ebene_2\" data-name=\"Ebene 2\" viewBox=\"0 0 6.9501953125 5.35400390625\"><g id=\"Ebene_1-2\" data-name=\"Ebene 1\"><polygon points=\"4.2724609375 0 3.9189453125 .353515625 5.99310302734375 2.42724609375 0 2.42724609375 0 2.92724609375 5.9930419921875 2.92724609375 3.9189453125 5.00048828125 4.2724609375 5.35400390625 6.9501953125 2.67724609375 4.2724609375 0\"><\/polygon><\/g><\/svg>\t\t\t<\/span>\n\t\t\t\t\t\t\t\t\t<span class=\"elementor-button-text\">Richieste di informazioni<\/span>\n\t\t\t\t\t<\/span>\n\t\t\t\t\t<\/a>\n\t\t\t\t<\/div>\n\t\t\t\t\t\t\t\t<\/div>\n\t\t\t\t<\/div>\n\t\t\t\t<div class=\"elementor-element elementor-element-b4bb72c elementor-widget-laptop__width-initial elementor-widget elementor-widget-image\" data-id=\"b4bb72c\" data-element_type=\"widget\" data-e-type=\"widget\" data-widget_type=\"image.default\">\n\t\t\t\t<div class=\"elementor-widget-container\">\n\t\t\t\t\t\t\t\t\t\t\t\t\t\t\t<img fetchpriority=\"high\" decoding=\"async\" width=\"800\" height=\"500\" src=\"https:\/\/crapa.de\/wp-content\/uploads\/2025\/12\/Design-ohne-Titel-96.png\" class=\"attachment-large size-large wp-image-6083\" alt=\"Raccolta delle olive\" srcset=\"https:\/\/crapa.de\/wp-content\/uploads\/2025\/12\/Design-ohne-Titel-96.png 800w, https:\/\/crapa.de\/wp-content\/uploads\/2025\/12\/Design-ohne-Titel-96-300x188.png 300w, https:\/\/crapa.de\/wp-content\/uploads\/2025\/12\/Design-ohne-Titel-96-768x480.png 768w\" sizes=\"(max-width: 800px) 100vw, 800px\" title=\"\">\t\t\t\t\t\t\t\t\t\t\t\t\t\t\t<\/div>\n\t\t\t\t<\/div>\n\t\t\t\t\t<\/div>\n\t\t\t\t<\/div>\n\t\t<div class=\"elementor-element elementor-element-2162c00 e-con-full e-flex e-con e-child\" data-id=\"2162c00\" data-element_type=\"container\" data-e-type=\"container\">\n\t\t\t\t<div class=\"elementor-element elementor-element-8aa9137 elementor-widget elementor-widget-heading\" data-id=\"8aa9137\" data-element_type=\"widget\" data-e-type=\"widget\" data-widget_type=\"heading.default\">\n\t\t\t\t<div class=\"elementor-widget-container\">\n\t\t\t\t\t<p class=\"elementor-heading-title elementor-size-default\">PROCESSO<\/p>\t\t\t\t<\/div>\n\t\t\t\t<\/div>\n\t\t\t\t<div class=\"elementor-element elementor-element-6948994 elementor-widget__width-initial elementor-widget-laptop__width-initial elementor-widget-tablet__width-initial elementor-widget elementor-widget-text-editor\" data-id=\"6948994\" data-element_type=\"widget\" data-e-type=\"widget\" data-widget_type=\"text-editor.default\">\n\t\t\t\t<div class=\"elementor-widget-container\">\n\t\t\t\t\t\t\t\t\t<p>La raccolta delle olive avviene sempre nella settimana 42 del calendario.<br>Per cinque giorni si raccoglie insieme a un gruppo di persone del posto per tre ore.<br>In tre giorni si organizza un pranzo con il gruppo di raccolta. Dopo la<a href=\"https:\/\/nuovocilento.it\/en\/\" target=\"_blank\" rel=\"noopener\">raccolta, le olive vengono immediatamente portate al frantoio<u> <\/u><\/a> NUOVA<u>CILENTO &#8211; Cooperativa Agricola San Mauro<\/u>, dove vengono spremute e trasformate in olio. Nel frantoio imparerai tutto sulla lavorazione e la maturazione dell&#8217;olio durante un&#8217;esclusiva visita guidata l&#8217;ultimo giorno della raccolta. In seguito, ceneremo insieme presso il <u><a href=\"https:\/\/nuovocilento.it\/en\/\" target=\"_blank\" rel=\"noopener\">frantoio<\/a><\/u>.<br>Oltre alla raccolta, avrai ovviamente tutto il tempo per goderti appieno il Cilento. Quando sar\u00e0 il momento di tornare a casa, una bottiglia del miglior olio d&#8217;oliva ti accompagner\u00e0 come souvenir.    <\/p><p>ATTENZIONE:<br>In alcuni anni, il raccolto deve essere anticipato a causa delle condizioni meteorologiche, oppure si verificano cancellazioni del raccolto a causa del tempo o dei parassiti. In questo caso, possiamo garantire solo il cibo e la visita guidata al frantoio. <\/p>\t\t\t\t\t\t\t\t<\/div>\n\t\t\t\t<\/div>\n\t\t\t\t<\/div>\n\t\t\t\t<\/div>\n\t\t<div class=\"elementor-element elementor-element-89abd71 e-grid e-con-full e-con e-child\" data-id=\"89abd71\" data-element_type=\"container\" data-e-type=\"container\">\n\t\t<div class=\"elementor-element elementor-element-37a2877 e-con-full e-flex e-con e-child\" data-id=\"37a2877\" data-element_type=\"container\" data-e-type=\"container\">\n\t\t<div class=\"elementor-element elementor-element-69a1d7a e-con-full e-flex e-con e-child\" data-id=\"69a1d7a\" data-element_type=\"container\" data-e-type=\"container\">\n\t\t\t\t<div class=\"elementor-element elementor-element-5c8be20 elementor-widget elementor-widget-heading\" data-id=\"5c8be20\" data-element_type=\"widget\" data-e-type=\"widget\" data-widget_type=\"heading.default\">\n\t\t\t\t<div class=\"elementor-widget-container\">\n\t\t\t\t\t<p class=\"elementor-heading-title elementor-size-default\">PRENOTABILE<\/p>\t\t\t\t<\/div>\n\t\t\t\t<\/div>\n\t\t\t\t<div class=\"elementor-element elementor-element-08f55c7 elementor-widget elementor-widget-text-editor\" data-id=\"08f55c7\" data-element_type=\"widget\" data-e-type=\"widget\" data-widget_type=\"text-editor.default\">\n\t\t\t\t<div class=\"elementor-widget-container\">\n\t\t\t\t\t\t\t\t\tSempre nella settimana solare 42<br><br>528 Euro \/ persona <br>\no <br>\n698 Euro \/ 2 persone\n\t\t\t\t\t\t\t\t<\/div>\n\t\t\t\t<\/div>\n\t\t\t\t<div class=\"elementor-element elementor-element-73edd65 elementor-widget elementor-widget-button\" data-id=\"73edd65\" data-element_type=\"widget\" data-e-type=\"widget\" data-widget_type=\"button.default\">\n\t\t\t\t<div class=\"elementor-widget-container\">\n\t\t\t\t\t\t\t\t\t<div class=\"elementor-button-wrapper\">\n\t\t\t\t\t<a class=\"elementor-button elementor-button-link elementor-size-sm\" href=\"https:\/\/acrapamangia.beddy.io\/\" target=\"_blank\" rel=\"noopener\">\n\t\t\t\t\t\t<span class=\"elementor-button-content-wrapper\">\n\t\t\t\t\t\t<span class=\"elementor-button-icon\">\n\t\t\t\t<svg xmlns=\"http:\/\/www.w3.org\/2000\/svg\" id=\"Ebene_2\" data-name=\"Ebene 2\" viewBox=\"0 0 6.9501953125 5.35400390625\"><g id=\"Ebene_1-2\" data-name=\"Ebene 1\"><polygon points=\"4.2724609375 0 3.9189453125 .353515625 5.99310302734375 2.42724609375 0 2.42724609375 0 2.92724609375 5.9930419921875 2.92724609375 3.9189453125 5.00048828125 4.2724609375 5.35400390625 6.9501953125 2.67724609375 4.2724609375 0\"><\/polygon><\/g><\/svg>\t\t\t<\/span>\n\t\t\t\t\t\t\t\t\t<span class=\"elementor-button-text\">Prenota ora<\/span>\n\t\t\t\t\t<\/span>\n\t\t\t\t\t<\/a>\n\t\t\t\t<\/div>\n\t\t\t\t\t\t\t\t<\/div>\n\t\t\t\t<\/div>\n\t\t\t\t<\/div>\n\t\t\t\t<\/div>\n\t\t<div class=\"elementor-element elementor-element-845941a e-con-full e-flex e-con e-child\" data-id=\"845941a\" data-element_type=\"container\" data-e-type=\"container\">\n\t\t<div class=\"elementor-element elementor-element-81babe1 e-con-full e-flex e-con e-child\" data-id=\"81babe1\" data-element_type=\"container\" data-e-type=\"container\">\n\t\t\t\t<div class=\"elementor-element elementor-element-054f400 elementor-widget elementor-widget-heading\" data-id=\"054f400\" data-element_type=\"widget\" data-e-type=\"widget\" data-widget_type=\"heading.default\">\n\t\t\t\t<div class=\"elementor-widget-container\">\n\t\t\t\t\t<p class=\"elementor-heading-title elementor-size-default\">ATTREZZATURE<\/p>\t\t\t\t<\/div>\n\t\t\t\t<\/div>\n\t\t\t\t<div class=\"elementor-element elementor-element-c590948 elementor-widget elementor-widget-text-editor\" data-id=\"c590948\" data-element_type=\"widget\" data-e-type=\"widget\" data-widget_type=\"text-editor.default\">\n\t\t\t\t<div class=\"elementor-widget-container\">\n\t\t\t\t\t\t\t\t\tAppartamento con terrazza privata, doccia esterna e vista sul mare.\n\t\t\t\t\t\t\t\t<\/div>\n\t\t\t\t<\/div>\n\t\t\t\t<\/div>\n\t\t\t\t<\/div>\n\t\t\t\t<\/div>\n\t\t<div class=\"elementor-element elementor-element-c5404ff e-flex e-con-boxed e-con e-parent\" data-id=\"c5404ff\" data-element_type=\"container\" data-e-type=\"container\">\n\t\t\t\t\t<div class=\"e-con-inner\">\n\t\t\t\t<div class=\"elementor-element elementor-element-bd1bd6d elementor-widget elementor-widget-heading\" data-id=\"bd1bd6d\" data-element_type=\"widget\" data-e-type=\"widget\" data-widget_type=\"heading.default\">\n\t\t\t\t<div class=\"elementor-widget-container\">\n\t\t\t\t\t<h2 class=\"elementor-heading-title elementor-size-default\">Ulteriori disposizioni<\/h2>\t\t\t\t<\/div>\n\t\t\t\t<\/div>\n\t\t\t\t\t<\/div>\n\t\t\t\t<\/div>\n\t\t<div class=\"elementor-element elementor-element-4b20f3a e-grid e-con-full e-con e-child\" data-id=\"4b20f3a\" data-element_type=\"container\" data-e-type=\"container\">\n\t\t<div class=\"elementor-element elementor-element-25ef8d3 e-con-full e-flex e-con e-child\" data-id=\"25ef8d3\" data-element_type=\"container\" data-e-type=\"container\">\n\t\t\t\t<div class=\"elementor-element elementor-element-b0c4e1b elementor-widget elementor-widget-heading\" data-id=\"b0c4e1b\" data-element_type=\"widget\" data-e-type=\"widget\" data-widget_type=\"heading.default\">\n\t\t\t\t<div class=\"elementor-widget-container\">\n\t\t\t\t\t<p class=\"elementor-heading-title elementor-size-default\">01<\/p>\t\t\t\t<\/div>\n\t\t\t\t<\/div>\n\t\t\t\t<div class=\"elementor-element elementor-element-2964877 elementor-widget elementor-widget-heading\" data-id=\"2964877\" data-element_type=\"widget\" data-e-type=\"widget\" data-widget_type=\"heading.default\">\n\t\t\t\t<div class=\"elementor-widget-container\">\n\t\t\t\t\t<h3 class=\"elementor-heading-title elementor-size-default\">Weekend per due\n<\/h3>\t\t\t\t<\/div>\n\t\t\t\t<\/div>\n\t\t\t\t<div class=\"elementor-element elementor-element-bf4d744 elementor-widget__width-initial elementor-widget elementor-widget-text-editor\" data-id=\"bf4d744\" data-element_type=\"widget\" data-e-type=\"widget\" data-widget_type=\"text-editor.default\">\n\t\t\t\t<div class=\"elementor-widget-container\">\n\t\t\t\t\t\t\t\t\tNon vuoi organizzare nulla e vuoi comunque goderti una vacanza individuale? Con il nostro pacchetto per due, potrai immergerti nella vita del Cilento per un lungo weekend in autunno, inverno o primavera. Tra sole, mare e natura magica.  \t\t\t\t\t\t\t\t<\/div>\n\t\t\t\t<\/div>\n\t\t\t\t<div class=\"elementor-element elementor-element-dc31eec elementor-align-center elementor-widget elementor-widget-button\" data-id=\"dc31eec\" data-element_type=\"widget\" data-e-type=\"widget\" data-widget_type=\"button.default\">\n\t\t\t\t<div class=\"elementor-widget-container\">\n\t\t\t\t\t\t\t\t\t<div class=\"elementor-button-wrapper\">\n\t\t\t\t\t<a class=\"elementor-button elementor-button-link elementor-size-sm\" href=\"https:\/\/crapa.de\/it\/weekend-per-due\/\">\n\t\t\t\t\t\t<span class=\"elementor-button-content-wrapper\">\n\t\t\t\t\t\t<span class=\"elementor-button-icon\">\n\t\t\t\t<svg xmlns=\"http:\/\/www.w3.org\/2000\/svg\" id=\"Ebene_2\" data-name=\"Ebene 2\" viewBox=\"0 0 6.9501953125 5.35400390625\"><g id=\"Ebene_1-2\" data-name=\"Ebene 1\"><polygon points=\"4.2724609375 0 3.9189453125 .353515625 5.99310302734375 2.42724609375 0 2.42724609375 0 2.92724609375 5.9930419921875 2.92724609375 3.9189453125 5.00048828125 4.2724609375 5.35400390625 6.9501953125 2.67724609375 4.2724609375 0\"><\/polygon><\/g><\/svg>\t\t\t<\/span>\n\t\t\t\t\t\t\t\t\t<span class=\"elementor-button-text\">Alla disposizione<\/span>\n\t\t\t\t\t<\/span>\n\t\t\t\t\t<\/a>\n\t\t\t\t<\/div>\n\t\t\t\t\t\t\t\t<\/div>\n\t\t\t\t<\/div>\n\t\t\t\t<\/div>\n\t\t<div class=\"elementor-element elementor-element-27660fe e-con-full e-flex e-con e-child\" data-id=\"27660fe\" data-element_type=\"container\" data-e-type=\"container\" data-settings=\"{&quot;background_background&quot;:&quot;classic&quot;}\">\n\t\t\t\t<\/div>\n\t\t<div class=\"elementor-element elementor-element-f0af6a1 e-con-full e-flex e-con e-child\" data-id=\"f0af6a1\" data-element_type=\"container\" data-e-type=\"container\" data-settings=\"{&quot;background_background&quot;:&quot;classic&quot;}\">\n\t\t\t\t<\/div>\n\t\t<div class=\"elementor-element elementor-element-b1c0c0c e-con-full e-flex e-con e-child\" data-id=\"b1c0c0c\" data-element_type=\"container\" data-e-type=\"container\">\n\t\t\t\t<div class=\"elementor-element elementor-element-5db4fa3 elementor-widget elementor-widget-heading\" data-id=\"5db4fa3\" data-element_type=\"widget\" data-e-type=\"widget\" data-widget_type=\"heading.default\">\n\t\t\t\t<div class=\"elementor-widget-container\">\n\t\t\t\t\t<p class=\"elementor-heading-title elementor-size-default\">02<\/p>\t\t\t\t<\/div>\n\t\t\t\t<\/div>\n\t\t\t\t<div class=\"elementor-element elementor-element-773d5b3 elementor-widget elementor-widget-heading\" data-id=\"773d5b3\" data-element_type=\"widget\" data-e-type=\"widget\" data-widget_type=\"heading.default\">\n\t\t\t\t<div class=\"elementor-widget-container\">\n\t\t\t\t\t<h3 class=\"elementor-heading-title elementor-size-default\">Sugo<\/h3>\t\t\t\t<\/div>\n\t\t\t\t<\/div>\n\t\t\t\t<div class=\"elementor-element elementor-element-bf00ed2 elementor-widget__width-initial elementor-widget elementor-widget-text-editor\" data-id=\"bf00ed2\" data-element_type=\"widget\" data-e-type=\"widget\" data-widget_type=\"text-editor.default\">\n\t\t\t\t<div class=\"elementor-widget-container\">\n\t\t\t\t\t\t\t\t\t<p>Da A&#8217; Cr\u00e0pa Mangia \u00e8 tempo di rimboccarsi le maniche e preparare il sugo ogni agosto. Dopo tutto, chi vuole perdersi il delizioso sapore estivo dei pomodori appena raccolti in inverno? Come ogni nonna, anche noi abbiamo la nostra ricetta preferita. Solo che ci piace condividerla. Parti per una vacanza con noi, cucina il sugo di pomodoro con noi e poi porta a casa con te l&#8217;estate cilentana in bottiglia.    <\/p>\t\t\t\t\t\t\t\t<\/div>\n\t\t\t\t<\/div>\n\t\t\t\t<div class=\"elementor-element elementor-element-d0418a3 elementor-align-center elementor-widget elementor-widget-button\" data-id=\"d0418a3\" data-element_type=\"widget\" data-e-type=\"widget\" data-widget_type=\"button.default\">\n\t\t\t\t<div class=\"elementor-widget-container\">\n\t\t\t\t\t\t\t\t\t<div class=\"elementor-button-wrapper\">\n\t\t\t\t\t<a class=\"elementor-button elementor-button-link elementor-size-sm\" href=\"https:\/\/crapa.de\/it\/sugo\/\">\n\t\t\t\t\t\t<span class=\"elementor-button-content-wrapper\">\n\t\t\t\t\t\t<span class=\"elementor-button-icon\">\n\t\t\t\t<svg xmlns=\"http:\/\/www.w3.org\/2000\/svg\" id=\"Ebene_2\" data-name=\"Ebene 2\" viewBox=\"0 0 6.9501953125 5.35400390625\"><g id=\"Ebene_1-2\" data-name=\"Ebene 1\"><polygon points=\"4.2724609375 0 3.9189453125 .353515625 5.99310302734375 2.42724609375 0 2.42724609375 0 2.92724609375 5.9930419921875 2.92724609375 3.9189453125 5.00048828125 4.2724609375 5.35400390625 6.9501953125 2.67724609375 4.2724609375 0\"><\/polygon><\/g><\/svg>\t\t\t<\/span>\n\t\t\t\t\t\t\t\t\t<span class=\"elementor-button-text\">Alla disposizione<\/span>\n\t\t\t\t\t<\/span>\n\t\t\t\t\t<\/a>\n\t\t\t\t<\/div>\n\t\t\t\t\t\t\t\t<\/div>\n\t\t\t\t<\/div>\n\t\t\t\t<\/div>\n\t\t\t\t<\/div>\n\t\t\t\t<\/div>\n\t\t","protected":false},"excerpt":{"rendered":"<p>Disposizione Raccolta delle olive Quando l&#8217;autunno arriva lentamente nel Cilento, \u00e8 arrivato il momento: a ottobre stendiamo le reti e iniziamo la raccolta delle olive. Si tratta ancora di un lavoro manuale e piuttosto faticoso. Gli ulivi sono stati una coltura importante nella regione mediterranea per migliaia di anni. Raccogliere insieme e continuare cos\u00ec l&#8217;antica [&hellip;]<\/p>\n","protected":false},"author":1,"featured_media":6084,"parent":0,"menu_order":0,"comment_status":"closed","ping_status":"closed","template":"","meta":{"_acf_changed":false,"footnotes":""},"class_list":["post-6082","page","type-page","status-publish","has-post-thumbnail","hentry"],"acf":[],"_hostinger_reach_plugin_has_subscription_block":false,"_hostinger_reach_plugin_is_elementor":false,"_links":{"self":[{"href":"https:\/\/crapa.de\/it\/wp-json\/wp\/v2\/pages\/6082","targetHints":{"allow":["GET"]}}],"collection":[{"href":"https:\/\/crapa.de\/it\/wp-json\/wp\/v2\/pages"}],"about":[{"href":"https:\/\/crapa.de\/it\/wp-json\/wp\/v2\/types\/page"}],"author":[{"embeddable":true,"href":"https:\/\/crapa.de\/it\/wp-json\/wp\/v2\/users\/1"}],"replies":[{"embeddable":true,"href":"https:\/\/crapa.de\/it\/wp-json\/wp\/v2\/comments?post=6082"}],"version-history":[{"count":5,"href":"https:\/\/crapa.de\/it\/wp-json\/wp\/v2\/pages\/6082\/revisions"}],"predecessor-version":[{"id":6864,"href":"https:\/\/crapa.de\/it\/wp-json\/wp\/v2\/pages\/6082\/revisions\/6864"}],"wp:featuredmedia":[{"embeddable":true,"href":"https:\/\/crapa.de\/it\/wp-json\/wp\/v2\/media\/6084"}],"wp:attachment":[{"href":"https:\/\/crapa.de\/it\/wp-json\/wp\/v2\/media?parent=6082"}],"curies":[{"name":"wp","href":"https:\/\/api.w.org\/{rel}","templated":true}]}}