{"id":6314,"date":"2025-12-28T20:39:19","date_gmt":"2025-12-28T20:39:19","guid":{"rendered":"https:\/\/crapa.de\/sugo\/"},"modified":"2026-01-22T17:25:28","modified_gmt":"2026-01-22T17:25:28","slug":"sugo","status":"publish","type":"page","link":"https:\/\/crapa.de\/it\/sugo\/","title":{"rendered":"Sugo"},"content":{"rendered":"\t\t<div data-elementor-type=\"wp-page\" data-elementor-id=\"6314\" class=\"elementor elementor-6314 elementor-2928\" data-elementor-post-type=\"page\">\n\t\t\t\t<div class=\"elementor-element elementor-element-e7020ad e-con-full e-flex e-con e-parent\" data-id=\"e7020ad\" data-element_type=\"container\" data-e-type=\"container\">\n\t\t<div class=\"elementor-element elementor-element-7a33bb3 e-flex e-con-boxed e-con e-child\" data-id=\"7a33bb3\" data-element_type=\"container\" data-e-type=\"container\">\n\t\t\t\t\t<div class=\"e-con-inner\">\n\t\t\t\t<div class=\"elementor-element elementor-element-faceb0c elementor-widget elementor-widget-heading\" data-id=\"faceb0c\" data-element_type=\"widget\" data-e-type=\"widget\" data-widget_type=\"heading.default\">\n\t\t\t\t<div class=\"elementor-widget-container\">\n\t\t\t\t\t<h6 class=\"elementor-heading-title elementor-size-default\">Disposizione<\/h6>\t\t\t\t<\/div>\n\t\t\t\t<\/div>\n\t\t\t\t<div class=\"elementor-element elementor-element-9eeef03 elementor-widget elementor-widget-heading\" data-id=\"9eeef03\" data-element_type=\"widget\" data-e-type=\"widget\" data-widget_type=\"heading.default\">\n\t\t\t\t<div class=\"elementor-widget-container\">\n\t\t\t\t\t<h1 class=\"elementor-heading-title elementor-size-default\">Sugo<\/h1>\t\t\t\t<\/div>\n\t\t\t\t<\/div>\n\t\t\t\t<div class=\"elementor-element elementor-element-9fc7a9f elementor-widget__width-initial elementor-widget elementor-widget-text-editor\" data-id=\"9fc7a9f\" data-element_type=\"widget\" data-e-type=\"widget\" data-widget_type=\"text-editor.default\">\n\t\t\t\t<div class=\"elementor-widget-container\">\n\t\t\t\t\t\t\t\t\t<p>C&#8217;\u00e8 una settimana d&#8217;estate che \u00e8 sempre segnata in rosso nella nostra agenda: \u00e8 quella in cui cuciniamo il sugo insieme. Qui non \u00e8 diverso da qualsiasi altra casa cilentana. Dopo tutto, i pomodori sono pi\u00f9 saporiti in estate. E chi vuole perdersi il meraviglioso sapore dei pomodori appena raccolti in inverno?   <br>Il sugo, una salsa a base di pomodoro semplice, cremosa e saporita, \u00e8 un ingrediente indispensabile per innumerevoli piatti italiani. E la pasta con il sugo fatto in casa \u00e8 un vero e proprio cibo dell&#8217;anima. Puoi scoprire come prepararlo con la nostra ricetta preferita estate dopo estate su \u00c0 Cr\u00e0pa Mangia.  <\/p>\t\t\t\t\t\t\t\t<\/div>\n\t\t\t\t<\/div>\n\t\t\t\t<div class=\"elementor-element elementor-element-6fb412d elementor-align-center elementor-widget elementor-widget-button\" data-id=\"6fb412d\" data-element_type=\"widget\" data-e-type=\"widget\" data-widget_type=\"button.default\">\n\t\t\t\t<div class=\"elementor-widget-container\">\n\t\t\t\t\t\t\t\t\t<div class=\"elementor-button-wrapper\">\n\t\t\t\t\t<a class=\"elementor-button elementor-button-link elementor-size-sm\" href=\"https:\/\/crapa.de\/it\/contattaci\/\">\n\t\t\t\t\t\t<span class=\"elementor-button-content-wrapper\">\n\t\t\t\t\t\t<span class=\"elementor-button-icon\">\n\t\t\t\t<svg xmlns=\"http:\/\/www.w3.org\/2000\/svg\" id=\"Ebene_2\" data-name=\"Ebene 2\" viewBox=\"0 0 6.9501953125 5.35400390625\"><g id=\"Ebene_1-2\" data-name=\"Ebene 1\"><polygon points=\"4.2724609375 0 3.9189453125 .353515625 5.99310302734375 2.42724609375 0 2.42724609375 0 2.92724609375 5.9930419921875 2.92724609375 3.9189453125 5.00048828125 4.2724609375 5.35400390625 6.9501953125 2.67724609375 4.2724609375 0\"><\/polygon><\/g><\/svg>\t\t\t<\/span>\n\t\t\t\t\t\t\t\t\t<span class=\"elementor-button-text\">Richieste di informazioni<\/span>\n\t\t\t\t\t<\/span>\n\t\t\t\t\t<\/a>\n\t\t\t\t<\/div>\n\t\t\t\t\t\t\t\t<\/div>\n\t\t\t\t<\/div>\n\t\t\t\t<div class=\"elementor-element elementor-element-b4bb72c elementor-widget-laptop__width-initial elementor-widget elementor-widget-image\" data-id=\"b4bb72c\" data-element_type=\"widget\" data-e-type=\"widget\" data-widget_type=\"image.default\">\n\t\t\t\t<div class=\"elementor-widget-container\">\n\t\t\t\t\t\t\t\t\t\t\t\t\t\t\t<img fetchpriority=\"high\" decoding=\"async\" width=\"960\" height=\"650\" src=\"https:\/\/crapa.de\/wp-content\/uploads\/2025\/12\/arrangements-sugo-4.png\" class=\"attachment-full size-full wp-image-6316\" alt=\"-\" srcset=\"https:\/\/crapa.de\/wp-content\/uploads\/2025\/12\/arrangements-sugo-4.png 960w, https:\/\/crapa.de\/wp-content\/uploads\/2025\/12\/arrangements-sugo-4-300x203.png 300w, https:\/\/crapa.de\/wp-content\/uploads\/2025\/12\/arrangements-sugo-4-768x520.png 768w\" sizes=\"(max-width: 960px) 100vw, 960px\" title=\"\">\t\t\t\t\t\t\t\t\t\t\t\t\t\t\t<\/div>\n\t\t\t\t<\/div>\n\t\t\t\t\t<\/div>\n\t\t\t\t<\/div>\n\t\t<div class=\"elementor-element elementor-element-2162c00 e-con-full e-flex e-con e-child\" data-id=\"2162c00\" data-element_type=\"container\" data-e-type=\"container\">\n\t\t\t\t<div class=\"elementor-element elementor-element-8aa9137 elementor-widget elementor-widget-heading\" data-id=\"8aa9137\" data-element_type=\"widget\" data-e-type=\"widget\" data-widget_type=\"heading.default\">\n\t\t\t\t<div class=\"elementor-widget-container\">\n\t\t\t\t\t<p class=\"elementor-heading-title elementor-size-default\">PROCESSO<\/p>\t\t\t\t<\/div>\n\t\t\t\t<\/div>\n\t\t\t\t<div class=\"elementor-element elementor-element-6948994 elementor-widget__width-initial elementor-widget-laptop__width-initial elementor-widget elementor-widget-text-editor\" data-id=\"6948994\" data-element_type=\"widget\" data-e-type=\"widget\" data-widget_type=\"text-editor.default\">\n\t\t\t\t<div class=\"elementor-widget-container\">\n\t\t\t\t\t\t\t\t\t<p>La cucina del sugo si svolge ogni estate nella settimana 32 del calendario. Il tuo soggiorno da noi dura 5 giorni e per un giorno \u00e8 il momento di indossare il grembiule e mettersi al lavoro sui pomodori! <br>Prepariamo insieme le bottiglie, laviamo, cuociamo e scoliamo i pomodori. Il basilico e un po&#8217; di polvere di fata fanno il resto. Imbottigliato, ben tappato e poi bollito, il sugo \u00e8 pronto per il viaggio verso casa. E tu sei sicuramente pronto per uno spuntino. Che ne dici di deliziosi panini e della migliore mozzarella di bufala locale? Trascorriamo la meritata pausa insieme a Gerardina e Costabile: gli ultimi pettegolezzi e tanti buoni consigli sul cibo e sulla zona sono garantiti. Per il resto del soggiorno \u00e8 previsto un pranzo guidato presso l&#8217;azienda bufalina Barlotti.<br>Per il resto, avrai tutto il tempo di esplorare il Cilento a tuo piacimento. Oppure potrai semplicemente rilassarti e staccare la spina. L&#8217;importante \u00e8 che alla fine non dimentichi il sugo fatto in casa!        <\/p>\t\t\t\t\t\t\t\t<\/div>\n\t\t\t\t<\/div>\n\t\t\t\t<\/div>\n\t\t\t\t<\/div>\n\t\t<div class=\"elementor-element elementor-element-89abd71 e-grid e-con-full e-con e-child\" data-id=\"89abd71\" data-element_type=\"container\" data-e-type=\"container\">\n\t\t<div class=\"elementor-element elementor-element-37a2877 e-con-full e-flex e-con e-child\" data-id=\"37a2877\" data-element_type=\"container\" data-e-type=\"container\">\n\t\t<div class=\"elementor-element elementor-element-69a1d7a e-con-full e-flex e-con e-child\" data-id=\"69a1d7a\" data-element_type=\"container\" data-e-type=\"container\">\n\t\t\t\t<div class=\"elementor-element elementor-element-5c8be20 elementor-widget elementor-widget-heading\" data-id=\"5c8be20\" data-element_type=\"widget\" data-e-type=\"widget\" data-widget_type=\"heading.default\">\n\t\t\t\t<div class=\"elementor-widget-container\">\n\t\t\t\t\t<p class=\"elementor-heading-title elementor-size-default\">PRENOTABILE<\/p>\t\t\t\t<\/div>\n\t\t\t\t<\/div>\n\t\t\t\t<div class=\"elementor-element elementor-element-08f55c7 elementor-widget elementor-widget-text-editor\" data-id=\"08f55c7\" data-element_type=\"widget\" data-e-type=\"widget\" data-widget_type=\"text-editor.default\">\n\t\t\t\t<div class=\"elementor-widget-container\">\n\t\t\t\t\t\t\t\t\tSempre nella settimana solare 32\n<br><br>563 Euro \/ persona \n<br><br>798 Euro \/ 2 persone\n\t\t\t\t\t\t\t\t<\/div>\n\t\t\t\t<\/div>\n\t\t\t\t<div class=\"elementor-element elementor-element-73edd65 elementor-widget elementor-widget-button\" data-id=\"73edd65\" data-element_type=\"widget\" data-e-type=\"widget\" data-widget_type=\"button.default\">\n\t\t\t\t<div class=\"elementor-widget-container\">\n\t\t\t\t\t\t\t\t\t<div class=\"elementor-button-wrapper\">\n\t\t\t\t\t<a class=\"elementor-button elementor-button-link elementor-size-sm\" href=\"https:\/\/acrapamangia.beddy.io\/\" target=\"_blank\" rel=\"noopener\">\n\t\t\t\t\t\t<span class=\"elementor-button-content-wrapper\">\n\t\t\t\t\t\t<span class=\"elementor-button-icon\">\n\t\t\t\t<svg xmlns=\"http:\/\/www.w3.org\/2000\/svg\" id=\"Ebene_2\" data-name=\"Ebene 2\" viewBox=\"0 0 6.9501953125 5.35400390625\"><g id=\"Ebene_1-2\" data-name=\"Ebene 1\"><polygon points=\"4.2724609375 0 3.9189453125 .353515625 5.99310302734375 2.42724609375 0 2.42724609375 0 2.92724609375 5.9930419921875 2.92724609375 3.9189453125 5.00048828125 4.2724609375 5.35400390625 6.9501953125 2.67724609375 4.2724609375 0\"><\/polygon><\/g><\/svg>\t\t\t<\/span>\n\t\t\t\t\t\t\t\t\t<span class=\"elementor-button-text\">Prenota ora<\/span>\n\t\t\t\t\t<\/span>\n\t\t\t\t\t<\/a>\n\t\t\t\t<\/div>\n\t\t\t\t\t\t\t\t<\/div>\n\t\t\t\t<\/div>\n\t\t\t\t<\/div>\n\t\t\t\t<\/div>\n\t\t<div class=\"elementor-element elementor-element-845941a e-con-full e-flex e-con e-child\" data-id=\"845941a\" data-element_type=\"container\" data-e-type=\"container\">\n\t\t<div class=\"elementor-element elementor-element-81babe1 e-con-full e-flex e-con e-child\" data-id=\"81babe1\" data-element_type=\"container\" data-e-type=\"container\">\n\t\t\t\t<div class=\"elementor-element elementor-element-054f400 elementor-widget elementor-widget-heading\" data-id=\"054f400\" data-element_type=\"widget\" data-e-type=\"widget\" data-widget_type=\"heading.default\">\n\t\t\t\t<div class=\"elementor-widget-container\">\n\t\t\t\t\t<p class=\"elementor-heading-title elementor-size-default\">ATTREZZATURE<\/p>\t\t\t\t<\/div>\n\t\t\t\t<\/div>\n\t\t\t\t<div class=\"elementor-element elementor-element-c590948 elementor-widget elementor-widget-text-editor\" data-id=\"c590948\" data-element_type=\"widget\" data-e-type=\"widget\" data-widget_type=\"text-editor.default\">\n\t\t\t\t<div class=\"elementor-widget-container\">\n\t\t\t\t\t\t\t\t\tAppartamento con terrazza privata, doccia esterna e vista sul mare.\n\t\t\t\t\t\t\t\t<\/div>\n\t\t\t\t<\/div>\n\t\t\t\t<\/div>\n\t\t\t\t<\/div>\n\t\t\t\t<\/div>\n\t\t<div class=\"elementor-element elementor-element-c5404ff e-flex e-con-boxed e-con e-parent\" data-id=\"c5404ff\" data-element_type=\"container\" data-e-type=\"container\">\n\t\t\t\t\t<div class=\"e-con-inner\">\n\t\t\t\t<div class=\"elementor-element elementor-element-bd1bd6d elementor-widget elementor-widget-heading\" data-id=\"bd1bd6d\" data-element_type=\"widget\" data-e-type=\"widget\" data-widget_type=\"heading.default\">\n\t\t\t\t<div class=\"elementor-widget-container\">\n\t\t\t\t\t<h2 class=\"elementor-heading-title elementor-size-default\">Ulteriori disposizioni<\/h2>\t\t\t\t<\/div>\n\t\t\t\t<\/div>\n\t\t\t\t\t<\/div>\n\t\t\t\t<\/div>\n\t\t<div class=\"elementor-element elementor-element-4b20f3a e-grid e-con-full e-con e-child\" data-id=\"4b20f3a\" data-element_type=\"container\" data-e-type=\"container\">\n\t\t<div class=\"elementor-element elementor-element-25ef8d3 e-con-full e-flex e-con e-child\" data-id=\"25ef8d3\" data-element_type=\"container\" data-e-type=\"container\">\n\t\t\t\t<div class=\"elementor-element elementor-element-b0c4e1b elementor-widget elementor-widget-heading\" data-id=\"b0c4e1b\" data-element_type=\"widget\" data-e-type=\"widget\" data-widget_type=\"heading.default\">\n\t\t\t\t<div class=\"elementor-widget-container\">\n\t\t\t\t\t<p class=\"elementor-heading-title elementor-size-default\">01<\/p>\t\t\t\t<\/div>\n\t\t\t\t<\/div>\n\t\t\t\t<div class=\"elementor-element elementor-element-2964877 elementor-widget elementor-widget-heading\" data-id=\"2964877\" data-element_type=\"widget\" data-e-type=\"widget\" data-widget_type=\"heading.default\">\n\t\t\t\t<div class=\"elementor-widget-container\">\n\t\t\t\t\t<h3 class=\"elementor-heading-title elementor-size-default\">Weekend per due\n<\/h3>\t\t\t\t<\/div>\n\t\t\t\t<\/div>\n\t\t\t\t<div class=\"elementor-element elementor-element-bf4d744 elementor-widget__width-initial elementor-widget elementor-widget-text-editor\" data-id=\"bf4d744\" data-element_type=\"widget\" data-e-type=\"widget\" data-widget_type=\"text-editor.default\">\n\t\t\t\t<div class=\"elementor-widget-container\">\n\t\t\t\t\t\t\t\t\tNon vuoi organizzare nulla e vuoi comunque goderti una vacanza individuale? Con il nostro pacchetto per due, potrai immergerti nella vita del Cilento per un lungo weekend in autunno, inverno o primavera. Tra sole, mare e natura magica.  \t\t\t\t\t\t\t\t<\/div>\n\t\t\t\t<\/div>\n\t\t\t\t<div class=\"elementor-element elementor-element-dc31eec elementor-align-center elementor-widget elementor-widget-button\" data-id=\"dc31eec\" data-element_type=\"widget\" data-e-type=\"widget\" data-widget_type=\"button.default\">\n\t\t\t\t<div class=\"elementor-widget-container\">\n\t\t\t\t\t\t\t\t\t<div class=\"elementor-button-wrapper\">\n\t\t\t\t\t<a class=\"elementor-button elementor-button-link elementor-size-sm\" href=\"https:\/\/crapa.de\/it\/weekend-per-due\/\">\n\t\t\t\t\t\t<span class=\"elementor-button-content-wrapper\">\n\t\t\t\t\t\t<span class=\"elementor-button-icon\">\n\t\t\t\t<svg xmlns=\"http:\/\/www.w3.org\/2000\/svg\" id=\"Ebene_2\" data-name=\"Ebene 2\" viewBox=\"0 0 6.9501953125 5.35400390625\"><g id=\"Ebene_1-2\" data-name=\"Ebene 1\"><polygon points=\"4.2724609375 0 3.9189453125 .353515625 5.99310302734375 2.42724609375 0 2.42724609375 0 2.92724609375 5.9930419921875 2.92724609375 3.9189453125 5.00048828125 4.2724609375 5.35400390625 6.9501953125 2.67724609375 4.2724609375 0\"><\/polygon><\/g><\/svg>\t\t\t<\/span>\n\t\t\t\t\t\t\t\t\t<span class=\"elementor-button-text\">Alla disposizione<\/span>\n\t\t\t\t\t<\/span>\n\t\t\t\t\t<\/a>\n\t\t\t\t<\/div>\n\t\t\t\t\t\t\t\t<\/div>\n\t\t\t\t<\/div>\n\t\t\t\t<\/div>\n\t\t<a class=\"elementor-element elementor-element-27660fe e-con-full e-flex e-con e-child\" data-id=\"27660fe\" data-element_type=\"container\" data-e-type=\"container\" data-settings=\"{&quot;background_background&quot;:&quot;classic&quot;}\" href=\"https:\/\/crapa.de\/it\/weekend-per-due\/\">\n\t\t\t\t<\/a>\n\t\t<a class=\"elementor-element elementor-element-f0af6a1 e-con-full e-flex e-con e-child\" data-id=\"f0af6a1\" data-element_type=\"container\" data-e-type=\"container\" data-settings=\"{&quot;background_background&quot;:&quot;classic&quot;}\" href=\"https:\/\/crapa.de\/it\/raccolta-delle-olive\/\">\n\t\t\t\t<\/a>\n\t\t<div class=\"elementor-element elementor-element-b1c0c0c e-con-full e-flex e-con e-child\" data-id=\"b1c0c0c\" data-element_type=\"container\" data-e-type=\"container\">\n\t\t\t\t<div class=\"elementor-element elementor-element-5db4fa3 elementor-widget elementor-widget-heading\" data-id=\"5db4fa3\" data-element_type=\"widget\" data-e-type=\"widget\" data-widget_type=\"heading.default\">\n\t\t\t\t<div class=\"elementor-widget-container\">\n\t\t\t\t\t<p class=\"elementor-heading-title elementor-size-default\">02<\/p>\t\t\t\t<\/div>\n\t\t\t\t<\/div>\n\t\t\t\t<div class=\"elementor-element elementor-element-773d5b3 elementor-widget elementor-widget-heading\" data-id=\"773d5b3\" data-element_type=\"widget\" data-e-type=\"widget\" data-widget_type=\"heading.default\">\n\t\t\t\t<div class=\"elementor-widget-container\">\n\t\t\t\t\t<h3 class=\"elementor-heading-title elementor-size-default\">Raccolta delle olive<\/h3>\t\t\t\t<\/div>\n\t\t\t\t<\/div>\n\t\t\t\t<div class=\"elementor-element elementor-element-bf00ed2 elementor-widget__width-initial elementor-widget elementor-widget-text-editor\" data-id=\"bf00ed2\" data-element_type=\"widget\" data-e-type=\"widget\" data-widget_type=\"text-editor.default\">\n\t\t\t\t<div class=\"elementor-widget-container\">\n\t\t\t\t\t\t\t\t\tConosci il segreto per ottenere il miglior olio d&#8217;oliva della tua vita? \u00c8 semplice: vieni con noi e sali tu stesso sull&#8217;albero quando raccogliamo le olive! Perch\u00e9 ogni goccia ha il sapore di un&#8217;esperienza indimenticabile.  \t\t\t\t\t\t\t\t<\/div>\n\t\t\t\t<\/div>\n\t\t\t\t<div class=\"elementor-element elementor-element-d0418a3 elementor-align-center elementor-widget elementor-widget-button\" data-id=\"d0418a3\" data-element_type=\"widget\" data-e-type=\"widget\" data-widget_type=\"button.default\">\n\t\t\t\t<div class=\"elementor-widget-container\">\n\t\t\t\t\t\t\t\t\t<div class=\"elementor-button-wrapper\">\n\t\t\t\t\t<a class=\"elementor-button elementor-button-link elementor-size-sm\" href=\"https:\/\/crapa.de\/it\/raccolta-delle-olive\/\">\n\t\t\t\t\t\t<span class=\"elementor-button-content-wrapper\">\n\t\t\t\t\t\t<span class=\"elementor-button-icon\">\n\t\t\t\t<svg xmlns=\"http:\/\/www.w3.org\/2000\/svg\" id=\"Ebene_2\" data-name=\"Ebene 2\" viewBox=\"0 0 6.9501953125 5.35400390625\"><g id=\"Ebene_1-2\" data-name=\"Ebene 1\"><polygon points=\"4.2724609375 0 3.9189453125 .353515625 5.99310302734375 2.42724609375 0 2.42724609375 0 2.92724609375 5.9930419921875 2.92724609375 3.9189453125 5.00048828125 4.2724609375 5.35400390625 6.9501953125 2.67724609375 4.2724609375 0\"><\/polygon><\/g><\/svg>\t\t\t<\/span>\n\t\t\t\t\t\t\t\t\t<span class=\"elementor-button-text\">Alla disposizione<\/span>\n\t\t\t\t\t<\/span>\n\t\t\t\t\t<\/a>\n\t\t\t\t<\/div>\n\t\t\t\t\t\t\t\t<\/div>\n\t\t\t\t<\/div>\n\t\t\t\t<\/div>\n\t\t\t\t<\/div>\n\t\t\t\t<\/div>\n\t\t","protected":false},"excerpt":{"rendered":"<p>Disposizione Sugo C&#8217;\u00e8 una settimana d&#8217;estate che \u00e8 sempre segnata in rosso nella nostra agenda: \u00e8 quella in cui cuciniamo il sugo insieme. Qui non \u00e8 diverso da qualsiasi altra casa cilentana. Dopo tutto, i pomodori sono pi\u00f9 saporiti in estate. E chi vuole perdersi il meraviglioso sapore dei pomodori appena raccolti in inverno? Il [&hellip;]<\/p>\n","protected":false},"author":1,"featured_media":6315,"parent":0,"menu_order":0,"comment_status":"closed","ping_status":"closed","template":"","meta":{"_acf_changed":false,"footnotes":""},"class_list":["post-6314","page","type-page","status-publish","has-post-thumbnail","hentry"],"acf":[],"_hostinger_reach_plugin_has_subscription_block":false,"_hostinger_reach_plugin_is_elementor":false,"_links":{"self":[{"href":"https:\/\/crapa.de\/it\/wp-json\/wp\/v2\/pages\/6314","targetHints":{"allow":["GET"]}}],"collection":[{"href":"https:\/\/crapa.de\/it\/wp-json\/wp\/v2\/pages"}],"about":[{"href":"https:\/\/crapa.de\/it\/wp-json\/wp\/v2\/types\/page"}],"author":[{"embeddable":true,"href":"https:\/\/crapa.de\/it\/wp-json\/wp\/v2\/users\/1"}],"replies":[{"embeddable":true,"href":"https:\/\/crapa.de\/it\/wp-json\/wp\/v2\/comments?post=6314"}],"version-history":[{"count":2,"href":"https:\/\/crapa.de\/it\/wp-json\/wp\/v2\/pages\/6314\/revisions"}],"predecessor-version":[{"id":6816,"href":"https:\/\/crapa.de\/it\/wp-json\/wp\/v2\/pages\/6314\/revisions\/6816"}],"wp:featuredmedia":[{"embeddable":true,"href":"https:\/\/crapa.de\/it\/wp-json\/wp\/v2\/media\/6315"}],"wp:attachment":[{"href":"https:\/\/crapa.de\/it\/wp-json\/wp\/v2\/media?parent=6314"}],"curies":[{"name":"wp","href":"https:\/\/api.w.org\/{rel}","templated":true}]}}