{"id":6663,"date":"2025-12-03T21:16:51","date_gmt":"2025-12-03T21:16:51","guid":{"rendered":"https:\/\/crapa.de\/accordi\/"},"modified":"2026-02-05T15:47:39","modified_gmt":"2026-02-05T15:47:39","slug":"accordi","status":"publish","type":"page","link":"https:\/\/crapa.de\/it\/accordi\/","title":{"rendered":"Pacchetti"},"content":{"rendered":"\t\t<div data-elementor-type=\"wp-post\" data-elementor-id=\"6663\" class=\"elementor elementor-6663 elementor-1076\" data-elementor-post-type=\"page\">\n\t\t\t\t<div class=\"elementor-element elementor-element-a84a92a e-con-full e-flex e-con e-parent\" data-id=\"a84a92a\" data-element_type=\"container\" data-e-type=\"container\">\n\t\t<div class=\"elementor-element elementor-element-d44760b e-flex e-con-boxed e-con e-child\" data-id=\"d44760b\" data-element_type=\"container\" data-e-type=\"container\">\n\t\t\t\t\t<div class=\"e-con-inner\">\n\t\t\t\t<div class=\"elementor-element elementor-element-3e9553a elementor-widget elementor-widget-heading\" data-id=\"3e9553a\" data-element_type=\"widget\" data-e-type=\"widget\" data-widget_type=\"heading.default\">\n\t\t\t\t<div class=\"elementor-widget-container\">\n\t\t\t\t\t<h6 class=\"elementor-heading-title elementor-size-default\">PACCHETTI<\/h6>\t\t\t\t<\/div>\n\t\t\t\t<\/div>\n\t\t\t\t<div class=\"elementor-element elementor-element-46a1443 elementor-widget elementor-widget-heading\" data-id=\"46a1443\" data-element_type=\"widget\" data-e-type=\"widget\" data-widget_type=\"heading.default\">\n\t\t\t\t<div class=\"elementor-widget-container\">\n\t\t\t\t\t<h2 class=\"elementor-heading-title elementor-size-default\">Scopri le stagioni nel Cilento\n<\/h2>\t\t\t\t<\/div>\n\t\t\t\t<\/div>\n\t\t\t\t<div class=\"elementor-element elementor-element-8798efb elementor-widget__width-initial elementor-widget-tablet__width-initial elementor-widget elementor-widget-text-editor\" data-id=\"8798efb\" data-element_type=\"widget\" data-e-type=\"widget\" data-widget_type=\"text-editor.default\">\n\t\t\t\t<div class=\"elementor-widget-container\">\n\t\t\t\t\t\t\t\t\tDurante tutto l\u2019anno ci sono occasioni speciali che rendono ogni cambio di stagione un momento unico: la preparazione del sugo di pomodoro con pomodori appena raccolti, la produzione di marmellate con i frutti di stagione o la raccolta delle olive. Volgiamo dare anche a te la possibilit\u00e0 di partecipare a queste esperienze autentiche. Abbiamo pensato inoltre a una proposta dedicata alla stagione pi\u00f9 fresca, che nel Cilento regala comunque molte giornata soleggiata.  \t\t\t\t\t\t\t\t<\/div>\n\t\t\t\t<\/div>\n\t\t\t\t\t<\/div>\n\t\t\t\t<\/div>\n\t\t<div class=\"elementor-element elementor-element-a6c69c2 e-grid e-con-full e-con e-child\" data-id=\"a6c69c2\" data-element_type=\"container\" data-e-type=\"container\">\n\t\t<div class=\"elementor-element elementor-element-91085c2 e-con-full e-flex e-con e-child\" data-id=\"91085c2\" data-element_type=\"container\" data-e-type=\"container\">\n\t\t\t\t<div class=\"elementor-element elementor-element-bb8a9b6 elementor-widget elementor-widget-heading\" data-id=\"bb8a9b6\" data-element_type=\"widget\" data-e-type=\"widget\" data-widget_type=\"heading.default\">\n\t\t\t\t<div class=\"elementor-widget-container\">\n\t\t\t\t\t<p class=\"elementor-heading-title elementor-size-default\">01<\/p>\t\t\t\t<\/div>\n\t\t\t\t<\/div>\n\t\t\t\t<div class=\"elementor-element elementor-element-bf9f1f2 elementor-widget elementor-widget-heading\" data-id=\"bf9f1f2\" data-element_type=\"widget\" data-e-type=\"widget\" data-widget_type=\"heading.default\">\n\t\t\t\t<div class=\"elementor-widget-container\">\n\t\t\t\t\t<h3 class=\"elementor-heading-title elementor-size-default\">Un fine settimana per due\n<\/h3>\t\t\t\t<\/div>\n\t\t\t\t<\/div>\n\t\t\t\t<div class=\"elementor-element elementor-element-97dc6b2 elementor-widget__width-initial elementor-widget elementor-widget-text-editor\" data-id=\"97dc6b2\" data-element_type=\"widget\" data-e-type=\"widget\" data-widget_type=\"text-editor.default\">\n\t\t\t\t<div class=\"elementor-widget-container\">\n\t\t\t\t\t\t\t\t\tNon vuoi dover organizzare nulla, ma desideri comunque una vacanza speciale? Con il nostro pacchetto per due, valido in autunno, inverno o primavera ti offriamo la possibilit\u00e0 di immergerti direttamente nella quotidianit\u00e0 cilentana per un fine settimana prolungato. Sono inclusi sole, mare e la magica natura del territorio.  \t\t\t\t\t\t\t\t<\/div>\n\t\t\t\t<\/div>\n\t\t\t\t<div class=\"elementor-element elementor-element-c915898 elementor-align-center elementor-widget elementor-widget-button\" data-id=\"c915898\" data-element_type=\"widget\" data-e-type=\"widget\" data-widget_type=\"button.default\">\n\t\t\t\t<div class=\"elementor-widget-container\">\n\t\t\t\t\t\t\t\t\t<div class=\"elementor-button-wrapper\">\n\t\t\t\t\t<a class=\"elementor-button elementor-button-link elementor-size-sm\" href=\"https:\/\/crapa.de\/it\/weekend-per-due\/\">\n\t\t\t\t\t\t<span class=\"elementor-button-content-wrapper\">\n\t\t\t\t\t\t<span class=\"elementor-button-icon\">\n\t\t\t\t<svg xmlns=\"http:\/\/www.w3.org\/2000\/svg\" id=\"Ebene_2\" data-name=\"Ebene 2\" viewBox=\"0 0 6.9501953125 5.35400390625\"><g id=\"Ebene_1-2\" data-name=\"Ebene 1\"><polygon points=\"4.2724609375 0 3.9189453125 .353515625 5.99310302734375 2.42724609375 0 2.42724609375 0 2.92724609375 5.9930419921875 2.92724609375 3.9189453125 5.00048828125 4.2724609375 5.35400390625 6.9501953125 2.67724609375 4.2724609375 0\"><\/polygon><\/g><\/svg>\t\t\t<\/span>\n\t\t\t\t\t\t\t\t\t<span class=\"elementor-button-text\">Scopri il pacchetto<\/span>\n\t\t\t\t\t<\/span>\n\t\t\t\t\t<\/a>\n\t\t\t\t<\/div>\n\t\t\t\t\t\t\t\t<\/div>\n\t\t\t\t<\/div>\n\t\t\t\t<\/div>\n\t\t<div class=\"elementor-element elementor-element-84644f5 e-con-full e-flex e-con e-child\" data-id=\"84644f5\" data-element_type=\"container\" data-e-type=\"container\" data-settings=\"{&quot;background_background&quot;:&quot;classic&quot;}\">\n\t\t\t\t<\/div>\n\t\t<div class=\"elementor-element elementor-element-58890fe e-con-full e-flex e-con e-child\" data-id=\"58890fe\" data-element_type=\"container\" data-e-type=\"container\" data-settings=\"{&quot;background_background&quot;:&quot;classic&quot;}\">\n\t\t\t\t<\/div>\n\t\t<div class=\"elementor-element elementor-element-286717a e-con-full e-flex e-con e-child\" data-id=\"286717a\" data-element_type=\"container\" data-e-type=\"container\">\n\t\t\t\t<div class=\"elementor-element elementor-element-e3e9ff2 elementor-widget elementor-widget-heading\" data-id=\"e3e9ff2\" data-element_type=\"widget\" data-e-type=\"widget\" data-widget_type=\"heading.default\">\n\t\t\t\t<div class=\"elementor-widget-container\">\n\t\t\t\t\t<p class=\"elementor-heading-title elementor-size-default\">02<\/p>\t\t\t\t<\/div>\n\t\t\t\t<\/div>\n\t\t\t\t<div class=\"elementor-element elementor-element-1e3c8ba elementor-widget elementor-widget-heading\" data-id=\"1e3c8ba\" data-element_type=\"widget\" data-e-type=\"widget\" data-widget_type=\"heading.default\">\n\t\t\t\t<div class=\"elementor-widget-container\">\n\t\t\t\t\t<h3 class=\"elementor-heading-title elementor-size-default\">Raccolta delle olive<\/h3>\t\t\t\t<\/div>\n\t\t\t\t<\/div>\n\t\t\t\t<div class=\"elementor-element elementor-element-9ee89ac elementor-widget__width-initial elementor-widget elementor-widget-text-editor\" data-id=\"9ee89ac\" data-element_type=\"widget\" data-e-type=\"widget\" data-widget_type=\"text-editor.default\">\n\t\t\t\t<div class=\"elementor-widget-container\">\n\t\t\t\t\t\t\t\t\t<p>Conosci il segreto per ottenere il miglior olio d&#8217;oliva della tua vita? \u00c8 semplice: vieni da noi e sali tu stesso sull&#8217;albero durante la raccolta delle olive! Solo cos\u00ec ogni goccia porta con s\u00e9 il sapore autentico di un&#8217;esperienza davvero indimenticabile.  <\/p>\t\t\t\t\t\t\t\t<\/div>\n\t\t\t\t<\/div>\n\t\t\t\t<div class=\"elementor-element elementor-element-27281fb elementor-align-center elementor-widget elementor-widget-button\" data-id=\"27281fb\" data-element_type=\"widget\" data-e-type=\"widget\" data-widget_type=\"button.default\">\n\t\t\t\t<div class=\"elementor-widget-container\">\n\t\t\t\t\t\t\t\t\t<div class=\"elementor-button-wrapper\">\n\t\t\t\t\t<a class=\"elementor-button elementor-button-link elementor-size-sm\" href=\"https:\/\/crapa.de\/it\/raccolta-delle-olive\/\">\n\t\t\t\t\t\t<span class=\"elementor-button-content-wrapper\">\n\t\t\t\t\t\t<span class=\"elementor-button-icon\">\n\t\t\t\t<svg xmlns=\"http:\/\/www.w3.org\/2000\/svg\" id=\"Ebene_2\" data-name=\"Ebene 2\" viewBox=\"0 0 6.9501953125 5.35400390625\"><g id=\"Ebene_1-2\" data-name=\"Ebene 1\"><polygon points=\"4.2724609375 0 3.9189453125 .353515625 5.99310302734375 2.42724609375 0 2.42724609375 0 2.92724609375 5.9930419921875 2.92724609375 3.9189453125 5.00048828125 4.2724609375 5.35400390625 6.9501953125 2.67724609375 4.2724609375 0\"><\/polygon><\/g><\/svg>\t\t\t<\/span>\n\t\t\t\t\t\t\t\t\t<span class=\"elementor-button-text\">Scopri il pacchetto<\/span>\n\t\t\t\t\t<\/span>\n\t\t\t\t\t<\/a>\n\t\t\t\t<\/div>\n\t\t\t\t\t\t\t\t<\/div>\n\t\t\t\t<\/div>\n\t\t\t\t<\/div>\n\t\t<div class=\"elementor-element elementor-element-7cabd71 e-con-full e-flex e-con e-child\" data-id=\"7cabd71\" data-element_type=\"container\" data-e-type=\"container\">\n\t\t\t\t<div class=\"elementor-element elementor-element-fcd379e elementor-widget elementor-widget-heading\" data-id=\"fcd379e\" data-element_type=\"widget\" data-e-type=\"widget\" data-widget_type=\"heading.default\">\n\t\t\t\t<div class=\"elementor-widget-container\">\n\t\t\t\t\t<p class=\"elementor-heading-title elementor-size-default\">03<\/p>\t\t\t\t<\/div>\n\t\t\t\t<\/div>\n\t\t\t\t<div class=\"elementor-element elementor-element-4917779 elementor-widget elementor-widget-heading\" data-id=\"4917779\" data-element_type=\"widget\" data-e-type=\"widget\" data-widget_type=\"heading.default\">\n\t\t\t\t<div class=\"elementor-widget-container\">\n\t\t\t\t\t<h3 class=\"elementor-heading-title elementor-size-default\">Sugo<\/h3>\t\t\t\t<\/div>\n\t\t\t\t<\/div>\n\t\t\t\t<div class=\"elementor-element elementor-element-4be16df elementor-widget__width-initial elementor-widget elementor-widget-text-editor\" data-id=\"4be16df\" data-element_type=\"widget\" data-e-type=\"widget\" data-widget_type=\"text-editor.default\">\n\t\t\t\t<div class=\"elementor-widget-container\">\n\t\t\t\t\t\t\t\t\t<p>Ad A&#8217; Cr\u00e0pa Mangia, ogni anno ad agosto arriva il momento di rimboccarsi le maniche e preparare il sugo. Dopotutto, chi vorrebbe perdersi il sapore estivo dei pomodori appena raccolti? Come ogni nonna, anche noi abbiamo la nostra ricetta preferita\u2026 solo che la condividiamo con piacere. Trascorri le tue vacanze da noi, prepara il sugo di pomodoro insieme a noi e porta a casa, in bottiglia, un po&#8217; di estate cilentana.    <\/p>\t\t\t\t\t\t\t\t<\/div>\n\t\t\t\t<\/div>\n\t\t\t\t<div class=\"elementor-element elementor-element-c207b90 elementor-align-center elementor-widget elementor-widget-button\" data-id=\"c207b90\" data-element_type=\"widget\" data-e-type=\"widget\" data-widget_type=\"button.default\">\n\t\t\t\t<div class=\"elementor-widget-container\">\n\t\t\t\t\t\t\t\t\t<div class=\"elementor-button-wrapper\">\n\t\t\t\t\t<a class=\"elementor-button elementor-button-link elementor-size-sm\" href=\"https:\/\/crapa.de\/it\/sugo\/\">\n\t\t\t\t\t\t<span class=\"elementor-button-content-wrapper\">\n\t\t\t\t\t\t<span class=\"elementor-button-icon\">\n\t\t\t\t<svg xmlns=\"http:\/\/www.w3.org\/2000\/svg\" id=\"Ebene_2\" data-name=\"Ebene 2\" viewBox=\"0 0 6.9501953125 5.35400390625\"><g id=\"Ebene_1-2\" data-name=\"Ebene 1\"><polygon points=\"4.2724609375 0 3.9189453125 .353515625 5.99310302734375 2.42724609375 0 2.42724609375 0 2.92724609375 5.9930419921875 2.92724609375 3.9189453125 5.00048828125 4.2724609375 5.35400390625 6.9501953125 2.67724609375 4.2724609375 0\"><\/polygon><\/g><\/svg>\t\t\t<\/span>\n\t\t\t\t\t\t\t\t\t<span class=\"elementor-button-text\">Scopri il pacchetto<\/span>\n\t\t\t\t\t<\/span>\n\t\t\t\t\t<\/a>\n\t\t\t\t<\/div>\n\t\t\t\t\t\t\t\t<\/div>\n\t\t\t\t<\/div>\n\t\t\t\t<\/div>\n\t\t<div class=\"elementor-element elementor-element-75e386c e-con-full e-flex e-con e-child\" data-id=\"75e386c\" data-element_type=\"container\" data-e-type=\"container\" data-settings=\"{&quot;background_background&quot;:&quot;classic&quot;}\">\n\t\t\t\t<\/div>\n\t\t\t\t<\/div>\n\t\t\t\t<\/div>\n\t\t\t\t<\/div>\n\t\t","protected":false},"excerpt":{"rendered":"<p>PACCHETTI Scopri le stagioni nel Cilento Durante tutto l\u2019anno ci sono occasioni speciali che rendono ogni cambio di stagione un momento unico: la preparazione del sugo di pomodoro con pomodori appena raccolti, la produzione di marmellate con i frutti di stagione o la raccolta delle olive. Volgiamo dare anche a te la possibilit\u00e0 di partecipare [&hellip;]<\/p>\n","protected":false},"author":1,"featured_media":6669,"parent":0,"menu_order":0,"comment_status":"closed","ping_status":"closed","template":"","meta":{"_acf_changed":false,"footnotes":""},"class_list":["post-6663","page","type-page","status-publish","has-post-thumbnail","hentry"],"acf":[],"_hostinger_reach_plugin_has_subscription_block":false,"_hostinger_reach_plugin_is_elementor":false,"_links":{"self":[{"href":"https:\/\/crapa.de\/it\/wp-json\/wp\/v2\/pages\/6663","targetHints":{"allow":["GET"]}}],"collection":[{"href":"https:\/\/crapa.de\/it\/wp-json\/wp\/v2\/pages"}],"about":[{"href":"https:\/\/crapa.de\/it\/wp-json\/wp\/v2\/types\/page"}],"author":[{"embeddable":true,"href":"https:\/\/crapa.de\/it\/wp-json\/wp\/v2\/users\/1"}],"replies":[{"embeddable":true,"href":"https:\/\/crapa.de\/it\/wp-json\/wp\/v2\/comments?post=6663"}],"version-history":[{"count":3,"href":"https:\/\/crapa.de\/it\/wp-json\/wp\/v2\/pages\/6663\/revisions"}],"predecessor-version":[{"id":7146,"href":"https:\/\/crapa.de\/it\/wp-json\/wp\/v2\/pages\/6663\/revisions\/7146"}],"wp:featuredmedia":[{"embeddable":true,"href":"https:\/\/crapa.de\/it\/wp-json\/wp\/v2\/media\/6669"}],"wp:attachment":[{"href":"https:\/\/crapa.de\/it\/wp-json\/wp\/v2\/media?parent=6663"}],"curies":[{"name":"wp","href":"https:\/\/api.w.org\/{rel}","templated":true}]}}